{"id":9,"date":"2026-04-11T13:07:37","date_gmt":"2026-04-11T16:07:37","guid":{"rendered":"http:\/\/arterra.local\/?page_id=9"},"modified":"2026-05-07T11:30:12","modified_gmt":"2026-05-07T14:30:12","slug":"home","status":"publish","type":"page","link":"https:\/\/arterra.siteup.dev\/es\/","title":{"rendered":"Home"},"content":{"rendered":"","protected":false},"excerpt":{"rendered":"","protected":false},"author":2,"featured_media":0,"parent":0,"menu_order":0,"comment_status":"closed","ping_status":"closed","template":"","meta":{"_acf_changed":false,"inline_featured_image":false,"footnotes":""},"class_list":["post-9","page","type-page","status-publish","hentry"],"acf":[],"yoast_head":"<!-- This site is optimized with the Yoast SEO plugin v27.4 - https:\/\/yoast.com\/product\/yoast-seo-wordpress\/ -->\n<title>Ag\u00eancia de Turismo Cultural no Brasil<\/title>\n<meta name=\"description\" content=\"Ag\u00eancia de turismo cultural no Brasil com roteiros guiados, experi\u00eancias aut\u00eanticas e viagens seguras com a Arterra Turismo.\" \/>\n<meta name=\"robots\" content=\"noindex, follow, max-snippet:-1, max-image-preview:large, max-video-preview:-1\" \/>\n<meta property=\"og:locale\" content=\"es_ES\" \/>\n<meta property=\"og:type\" content=\"article\" \/>\n<meta property=\"og:title\" content=\"Ag\u00eancia de Turismo Cultural no Brasil\" \/>\n<meta property=\"og:description\" content=\"Ag\u00eancia de turismo cultural no Brasil com roteiros guiados, experi\u00eancias aut\u00eanticas e viagens seguras com a Arterra Turismo.\" \/>\n<meta property=\"og:url\" content=\"https:\/\/arterra.siteup.dev\/es\/\" \/>\n<meta property=\"og:site_name\" content=\"ArTerra\" \/>\n<meta property=\"article:modified_time\" content=\"2026-05-07T14:30:12+00:00\" \/>\n<meta property=\"og:image\" content=\"https:\/\/arterra.siteup.dev\/wp-content\/uploads\/2026\/05\/capa-site.webp\" \/>\n\t<meta property=\"og:image:width\" content=\"1231\" \/>\n\t<meta property=\"og:image:height\" content=\"628\" \/>\n\t<meta property=\"og:image:type\" content=\"image\/webp\" \/>\n<meta name=\"twitter:card\" content=\"summary_large_image\" \/>\n<script type=\"application\/ld+json\" class=\"yoast-schema-graph\">{\"@context\":\"https:\\\/\\\/schema.org\",\"@graph\":[{\"@type\":\"WebPage\",\"@id\":\"https:\\\/\\\/arterra.siteup.dev\\\/\",\"url\":\"https:\\\/\\\/arterra.siteup.dev\\\/\",\"name\":\"Ag\u00eancia de Turismo Cultural no Brasil\",\"isPartOf\":{\"@id\":\"https:\\\/\\\/arterra.siteup.dev\\\/#website\"},\"datePublished\":\"2026-04-11T16:07:37+00:00\",\"dateModified\":\"2026-05-07T14:30:12+00:00\",\"description\":\"Ag\u00eancia de turismo cultural no Brasil com roteiros guiados, experi\u00eancias aut\u00eanticas e viagens seguras com a Arterra Turismo.\",\"breadcrumb\":{\"@id\":\"https:\\\/\\\/arterra.siteup.dev\\\/#breadcrumb\"},\"inLanguage\":\"es\",\"potentialAction\":[{\"@type\":\"ReadAction\",\"target\":[\"https:\\\/\\\/arterra.siteup.dev\\\/\"]}]},{\"@type\":\"BreadcrumbList\",\"@id\":\"https:\\\/\\\/arterra.siteup.dev\\\/#breadcrumb\",\"itemListElement\":[{\"@type\":\"ListItem\",\"position\":1,\"name\":\"In\u00edcio\",\"item\":\"https:\\\/\\\/arterra.siteup.dev\\\/\"},{\"@type\":\"ListItem\",\"position\":2,\"name\":\"Home\"}]},{\"@type\":\"WebSite\",\"@id\":\"https:\\\/\\\/arterra.siteup.dev\\\/#website\",\"url\":\"https:\\\/\\\/arterra.siteup.dev\\\/\",\"name\":\"ArTerra\",\"description\":\"\",\"publisher\":{\"@id\":\"https:\\\/\\\/arterra.siteup.dev\\\/#organization\"},\"potentialAction\":[{\"@type\":\"SearchAction\",\"target\":{\"@type\":\"EntryPoint\",\"urlTemplate\":\"https:\\\/\\\/arterra.siteup.dev\\\/?s={search_term_string}\"},\"query-input\":{\"@type\":\"PropertyValueSpecification\",\"valueRequired\":true,\"valueName\":\"search_term_string\"}}],\"inLanguage\":\"es\"},{\"@type\":\"Organization\",\"@id\":\"https:\\\/\\\/arterra.siteup.dev\\\/#organization\",\"name\":\"ArTerra\",\"url\":\"https:\\\/\\\/arterra.siteup.dev\\\/\",\"logo\":{\"@type\":\"ImageObject\",\"inLanguage\":\"es\",\"@id\":\"https:\\\/\\\/arterra.siteup.dev\\\/#\\\/schema\\\/logo\\\/image\\\/\",\"url\":\"https:\\\/\\\/arterra.siteup.dev\\\/wp-content\\\/uploads\\\/2026\\\/04\\\/logo.svg\",\"contentUrl\":\"https:\\\/\\\/arterra.siteup.dev\\\/wp-content\\\/uploads\\\/2026\\\/04\\\/logo.svg\",\"width\":199,\"height\":48,\"caption\":\"ArTerra\"},\"image\":{\"@id\":\"https:\\\/\\\/arterra.siteup.dev\\\/#\\\/schema\\\/logo\\\/image\\\/\"}}]}<\/script>\n<!-- \/ Yoast SEO plugin. -->","yoast_head_json":{"title":"Ag\u00eancia de Turismo Cultural no Brasil","description":"Ag\u00eancia de turismo cultural no Brasil com roteiros guiados, experi\u00eancias aut\u00eanticas e viagens seguras com a Arterra Turismo.","robots":{"index":"noindex","follow":"follow","max-snippet":"max-snippet:-1","max-image-preview":"max-image-preview:large","max-video-preview":"max-video-preview:-1"},"og_locale":"es_ES","og_type":"article","og_title":"Ag\u00eancia de Turismo Cultural no Brasil","og_description":"Ag\u00eancia de turismo cultural no Brasil com roteiros guiados, experi\u00eancias aut\u00eanticas e viagens seguras com a Arterra Turismo.","og_url":"https:\/\/arterra.siteup.dev\/es\/","og_site_name":"ArTerra","article_modified_time":"2026-05-07T14:30:12+00:00","og_image":[{"width":1231,"height":628,"url":"https:\/\/arterra.siteup.dev\/wp-content\/uploads\/2026\/05\/capa-site.webp","type":"image\/webp"}],"twitter_card":"summary_large_image","schema":{"@context":"https:\/\/schema.org","@graph":[{"@type":"WebPage","@id":"https:\/\/arterra.siteup.dev\/","url":"https:\/\/arterra.siteup.dev\/","name":"Ag\u00eancia de Turismo Cultural no Brasil","isPartOf":{"@id":"https:\/\/arterra.siteup.dev\/#website"},"datePublished":"2026-04-11T16:07:37+00:00","dateModified":"2026-05-07T14:30:12+00:00","description":"Ag\u00eancia de turismo cultural no Brasil com roteiros guiados, experi\u00eancias aut\u00eanticas e viagens seguras com a Arterra Turismo.","breadcrumb":{"@id":"https:\/\/arterra.siteup.dev\/#breadcrumb"},"inLanguage":"es","potentialAction":[{"@type":"ReadAction","target":["https:\/\/arterra.siteup.dev\/"]}]},{"@type":"BreadcrumbList","@id":"https:\/\/arterra.siteup.dev\/#breadcrumb","itemListElement":[{"@type":"ListItem","position":1,"name":"In\u00edcio","item":"https:\/\/arterra.siteup.dev\/"},{"@type":"ListItem","position":2,"name":"Home"}]},{"@type":"WebSite","@id":"https:\/\/arterra.siteup.dev\/#website","url":"https:\/\/arterra.siteup.dev\/","name":"ArTerra","description":"","publisher":{"@id":"https:\/\/arterra.siteup.dev\/#organization"},"potentialAction":[{"@type":"SearchAction","target":{"@type":"EntryPoint","urlTemplate":"https:\/\/arterra.siteup.dev\/?s={search_term_string}"},"query-input":{"@type":"PropertyValueSpecification","valueRequired":true,"valueName":"search_term_string"}}],"inLanguage":"es"},{"@type":"Organization","@id":"https:\/\/arterra.siteup.dev\/#organization","name":"ArTerra","url":"https:\/\/arterra.siteup.dev\/","logo":{"@type":"ImageObject","inLanguage":"es","@id":"https:\/\/arterra.siteup.dev\/#\/schema\/logo\/image\/","url":"https:\/\/arterra.siteup.dev\/wp-content\/uploads\/2026\/04\/logo.svg","contentUrl":"https:\/\/arterra.siteup.dev\/wp-content\/uploads\/2026\/04\/logo.svg","width":199,"height":48,"caption":"ArTerra"},"image":{"@id":"https:\/\/arterra.siteup.dev\/#\/schema\/logo\/image\/"}}]}},"_links":{"self":[{"href":"https:\/\/arterra.siteup.dev\/es\/wp-json\/wp\/v2\/pages\/9","targetHints":{"allow":["GET"]}}],"collection":[{"href":"https:\/\/arterra.siteup.dev\/es\/wp-json\/wp\/v2\/pages"}],"about":[{"href":"https:\/\/arterra.siteup.dev\/es\/wp-json\/wp\/v2\/types\/page"}],"author":[{"embeddable":true,"href":"https:\/\/arterra.siteup.dev\/es\/wp-json\/wp\/v2\/users\/2"}],"replies":[{"embeddable":true,"href":"https:\/\/arterra.siteup.dev\/es\/wp-json\/wp\/v2\/comments?post=9"}],"version-history":[{"count":4,"href":"https:\/\/arterra.siteup.dev\/es\/wp-json\/wp\/v2\/pages\/9\/revisions"}],"predecessor-version":[{"id":615,"href":"https:\/\/arterra.siteup.dev\/es\/wp-json\/wp\/v2\/pages\/9\/revisions\/615"}],"wp:attachment":[{"href":"https:\/\/arterra.siteup.dev\/es\/wp-json\/wp\/v2\/media?parent=9"}],"curies":[{"name":"wp","href":"https:\/\/api.w.org\/{rel}","templated":true}]}}