{"id":15,"date":"2026-04-11T14:07:06","date_gmt":"2026-04-11T17:07:06","guid":{"rendered":"http:\/\/arterra.local\/?page_id=15"},"modified":"2026-05-06T07:17:39","modified_gmt":"2026-05-06T10:17:39","slug":"sobre-a-arterra","status":"publish","type":"page","link":"https:\/\/arterra.siteup.dev\/es\/sobre-a-arterra\/","title":{"rendered":"Sobre a Arterra"},"content":{"rendered":"","protected":false},"excerpt":{"rendered":"","protected":false},"author":2,"featured_media":0,"parent":0,"menu_order":0,"comment_status":"closed","ping_status":"closed","template":"page-about.php","meta":{"_acf_changed":false,"inline_featured_image":false,"footnotes":""},"class_list":["post-15","page","type-page","status-publish","hentry"],"acf":[],"yoast_head":"<!-- This site is optimized with the Yoast SEO plugin v27.4 - https:\/\/yoast.com\/product\/yoast-seo-wordpress\/ -->\n<title>Sobre N\u00f3s | ArTerra Turismo<\/title>\n<meta name=\"description\" content=\"Sobre n\u00f3s da Arterra Turismo, conhe\u00e7a nossa hist\u00f3ria, valores e como criamos experi\u00eancias culturais e viagens em grupo seguras.\" \/>\n<meta name=\"robots\" content=\"noindex, follow, max-snippet:-1, max-image-preview:large, max-video-preview:-1\" \/>\n<meta property=\"og:locale\" content=\"es_ES\" \/>\n<meta property=\"og:type\" content=\"article\" \/>\n<meta property=\"og:title\" content=\"Sobre N\u00f3s | ArTerra Turismo\" \/>\n<meta property=\"og:description\" content=\"Sobre n\u00f3s da Arterra Turismo, conhe\u00e7a nossa hist\u00f3ria, valores e como criamos experi\u00eancias culturais e viagens em grupo seguras.\" \/>\n<meta property=\"og:url\" content=\"https:\/\/arterra.siteup.dev\/es\/sobre-a-arterra\/\" \/>\n<meta property=\"og:site_name\" content=\"ArTerra\" \/>\n<meta property=\"article:modified_time\" content=\"2026-05-06T10:17:39+00:00\" \/>\n<meta name=\"twitter:card\" content=\"summary_large_image\" \/>\n<script type=\"application\/ld+json\" class=\"yoast-schema-graph\">{\"@context\":\"https:\\\/\\\/schema.org\",\"@graph\":[{\"@type\":\"WebPage\",\"@id\":\"https:\\\/\\\/arterra.siteup.dev\\\/sobre-a-arterra\\\/\",\"url\":\"https:\\\/\\\/arterra.siteup.dev\\\/sobre-a-arterra\\\/\",\"name\":\"Sobre N\u00f3s | ArTerra Turismo\",\"isPartOf\":{\"@id\":\"https:\\\/\\\/arterra.siteup.dev\\\/#website\"},\"datePublished\":\"2026-04-11T17:07:06+00:00\",\"dateModified\":\"2026-05-06T10:17:39+00:00\",\"description\":\"Sobre n\u00f3s da Arterra Turismo, conhe\u00e7a nossa hist\u00f3ria, valores e como criamos experi\u00eancias culturais e viagens em grupo seguras.\",\"breadcrumb\":{\"@id\":\"https:\\\/\\\/arterra.siteup.dev\\\/sobre-a-arterra\\\/#breadcrumb\"},\"inLanguage\":\"es\",\"potentialAction\":[{\"@type\":\"ReadAction\",\"target\":[\"https:\\\/\\\/arterra.siteup.dev\\\/sobre-a-arterra\\\/\"]}]},{\"@type\":\"BreadcrumbList\",\"@id\":\"https:\\\/\\\/arterra.siteup.dev\\\/sobre-a-arterra\\\/#breadcrumb\",\"itemListElement\":[{\"@type\":\"ListItem\",\"position\":1,\"name\":\"In\u00edcio\",\"item\":\"https:\\\/\\\/arterra.siteup.dev\\\/\"},{\"@type\":\"ListItem\",\"position\":2,\"name\":\"Sobre a Arterra\"}]},{\"@type\":\"WebSite\",\"@id\":\"https:\\\/\\\/arterra.siteup.dev\\\/#website\",\"url\":\"https:\\\/\\\/arterra.siteup.dev\\\/\",\"name\":\"ArTerra\",\"description\":\"\",\"publisher\":{\"@id\":\"https:\\\/\\\/arterra.siteup.dev\\\/#organization\"},\"potentialAction\":[{\"@type\":\"SearchAction\",\"target\":{\"@type\":\"EntryPoint\",\"urlTemplate\":\"https:\\\/\\\/arterra.siteup.dev\\\/?s={search_term_string}\"},\"query-input\":{\"@type\":\"PropertyValueSpecification\",\"valueRequired\":true,\"valueName\":\"search_term_string\"}}],\"inLanguage\":\"es\"},{\"@type\":\"Organization\",\"@id\":\"https:\\\/\\\/arterra.siteup.dev\\\/#organization\",\"name\":\"ArTerra\",\"url\":\"https:\\\/\\\/arterra.siteup.dev\\\/\",\"logo\":{\"@type\":\"ImageObject\",\"inLanguage\":\"es\",\"@id\":\"https:\\\/\\\/arterra.siteup.dev\\\/#\\\/schema\\\/logo\\\/image\\\/\",\"url\":\"https:\\\/\\\/arterra.siteup.dev\\\/wp-content\\\/uploads\\\/2026\\\/04\\\/logo.svg\",\"contentUrl\":\"https:\\\/\\\/arterra.siteup.dev\\\/wp-content\\\/uploads\\\/2026\\\/04\\\/logo.svg\",\"width\":199,\"height\":48,\"caption\":\"ArTerra\"},\"image\":{\"@id\":\"https:\\\/\\\/arterra.siteup.dev\\\/#\\\/schema\\\/logo\\\/image\\\/\"}}]}<\/script>\n<!-- \/ Yoast SEO plugin. -->","yoast_head_json":{"title":"Sobre N\u00f3s | ArTerra Turismo","description":"Sobre n\u00f3s da Arterra Turismo, conhe\u00e7a nossa hist\u00f3ria, valores e como criamos experi\u00eancias culturais e viagens em grupo seguras.","robots":{"index":"noindex","follow":"follow","max-snippet":"max-snippet:-1","max-image-preview":"max-image-preview:large","max-video-preview":"max-video-preview:-1"},"og_locale":"es_ES","og_type":"article","og_title":"Sobre N\u00f3s | ArTerra Turismo","og_description":"Sobre n\u00f3s da Arterra Turismo, conhe\u00e7a nossa hist\u00f3ria, valores e como criamos experi\u00eancias culturais e viagens em grupo seguras.","og_url":"https:\/\/arterra.siteup.dev\/es\/sobre-a-arterra\/","og_site_name":"ArTerra","article_modified_time":"2026-05-06T10:17:39+00:00","twitter_card":"summary_large_image","schema":{"@context":"https:\/\/schema.org","@graph":[{"@type":"WebPage","@id":"https:\/\/arterra.siteup.dev\/sobre-a-arterra\/","url":"https:\/\/arterra.siteup.dev\/sobre-a-arterra\/","name":"Sobre N\u00f3s | ArTerra Turismo","isPartOf":{"@id":"https:\/\/arterra.siteup.dev\/#website"},"datePublished":"2026-04-11T17:07:06+00:00","dateModified":"2026-05-06T10:17:39+00:00","description":"Sobre n\u00f3s da Arterra Turismo, conhe\u00e7a nossa hist\u00f3ria, valores e como criamos experi\u00eancias culturais e viagens em grupo seguras.","breadcrumb":{"@id":"https:\/\/arterra.siteup.dev\/sobre-a-arterra\/#breadcrumb"},"inLanguage":"es","potentialAction":[{"@type":"ReadAction","target":["https:\/\/arterra.siteup.dev\/sobre-a-arterra\/"]}]},{"@type":"BreadcrumbList","@id":"https:\/\/arterra.siteup.dev\/sobre-a-arterra\/#breadcrumb","itemListElement":[{"@type":"ListItem","position":1,"name":"In\u00edcio","item":"https:\/\/arterra.siteup.dev\/"},{"@type":"ListItem","position":2,"name":"Sobre a Arterra"}]},{"@type":"WebSite","@id":"https:\/\/arterra.siteup.dev\/#website","url":"https:\/\/arterra.siteup.dev\/","name":"ArTerra","description":"","publisher":{"@id":"https:\/\/arterra.siteup.dev\/#organization"},"potentialAction":[{"@type":"SearchAction","target":{"@type":"EntryPoint","urlTemplate":"https:\/\/arterra.siteup.dev\/?s={search_term_string}"},"query-input":{"@type":"PropertyValueSpecification","valueRequired":true,"valueName":"search_term_string"}}],"inLanguage":"es"},{"@type":"Organization","@id":"https:\/\/arterra.siteup.dev\/#organization","name":"ArTerra","url":"https:\/\/arterra.siteup.dev\/","logo":{"@type":"ImageObject","inLanguage":"es","@id":"https:\/\/arterra.siteup.dev\/#\/schema\/logo\/image\/","url":"https:\/\/arterra.siteup.dev\/wp-content\/uploads\/2026\/04\/logo.svg","contentUrl":"https:\/\/arterra.siteup.dev\/wp-content\/uploads\/2026\/04\/logo.svg","width":199,"height":48,"caption":"ArTerra"},"image":{"@id":"https:\/\/arterra.siteup.dev\/#\/schema\/logo\/image\/"}}]}},"_links":{"self":[{"href":"https:\/\/arterra.siteup.dev\/es\/wp-json\/wp\/v2\/pages\/15","targetHints":{"allow":["GET"]}}],"collection":[{"href":"https:\/\/arterra.siteup.dev\/es\/wp-json\/wp\/v2\/pages"}],"about":[{"href":"https:\/\/arterra.siteup.dev\/es\/wp-json\/wp\/v2\/types\/page"}],"author":[{"embeddable":true,"href":"https:\/\/arterra.siteup.dev\/es\/wp-json\/wp\/v2\/users\/2"}],"replies":[{"embeddable":true,"href":"https:\/\/arterra.siteup.dev\/es\/wp-json\/wp\/v2\/comments?post=15"}],"version-history":[{"count":4,"href":"https:\/\/arterra.siteup.dev\/es\/wp-json\/wp\/v2\/pages\/15\/revisions"}],"predecessor-version":[{"id":597,"href":"https:\/\/arterra.siteup.dev\/es\/wp-json\/wp\/v2\/pages\/15\/revisions\/597"}],"wp:attachment":[{"href":"https:\/\/arterra.siteup.dev\/es\/wp-json\/wp\/v2\/media?parent=15"}],"curies":[{"name":"wp","href":"https:\/\/api.w.org\/{rel}","templated":true}]}}