{"id":424,"date":"2026-04-23T22:01:46","date_gmt":"2026-04-24T01:01:46","guid":{"rendered":"http:\/\/arterra.local\/?page_id=424"},"modified":"2026-04-27T23:15:05","modified_gmt":"2026-04-28T02:15:05","slug":"tours-particulares","status":"publish","type":"page","link":"https:\/\/arterra.siteup.dev\/en\/tours-particulares\/","title":{"rendered":"Tours Particulares"},"content":{"rendered":"","protected":false},"excerpt":{"rendered":"","protected":false},"author":2,"featured_media":0,"parent":0,"menu_order":0,"comment_status":"closed","ping_status":"closed","template":"page-international.php","meta":{"_acf_changed":false,"inline_featured_image":false,"footnotes":""},"class_list":["post-424","page","type-page","status-publish","hentry"],"acf":[],"yoast_head":"<!-- This site is optimized with the Yoast SEO plugin v27.4 - https:\/\/yoast.com\/product\/yoast-seo-wordpress\/ -->\n<title>Tour para Estrangeiros em SP | ArTerra Turismo<\/title>\n<meta name=\"description\" content=\"Tour para estrangeiros em SP com guia em ingl\u00eas, roteiros culturais e experi\u00eancias aut\u00eanticas com a Arterra Turismo.\" \/>\n<meta name=\"robots\" content=\"noindex, follow, max-snippet:-1, max-image-preview:large, max-video-preview:-1\" \/>\n<meta property=\"og:locale\" content=\"en_US\" \/>\n<meta property=\"og:type\" content=\"article\" \/>\n<meta property=\"og:title\" content=\"Tour para Estrangeiros em SP | ArTerra Turismo\" \/>\n<meta property=\"og:description\" content=\"Tour para estrangeiros em SP com guia em ingl\u00eas, roteiros culturais e experi\u00eancias aut\u00eanticas com a Arterra Turismo.\" \/>\n<meta property=\"og:url\" content=\"https:\/\/arterra.siteup.dev\/en\/tours-particulares\/\" \/>\n<meta property=\"og:site_name\" content=\"ArTerra\" \/>\n<meta property=\"article:modified_time\" content=\"2026-04-28T02:15:05+00:00\" \/>\n<meta name=\"twitter:card\" content=\"summary_large_image\" \/>\n<script type=\"application\/ld+json\" class=\"yoast-schema-graph\">{\"@context\":\"https:\\\/\\\/schema.org\",\"@graph\":[{\"@type\":\"WebPage\",\"@id\":\"https:\\\/\\\/arterra.siteup.dev\\\/tours-particulares\\\/\",\"url\":\"https:\\\/\\\/arterra.siteup.dev\\\/tours-particulares\\\/\",\"name\":\"Tour para Estrangeiros em SP | ArTerra Turismo\",\"isPartOf\":{\"@id\":\"https:\\\/\\\/arterra.siteup.dev\\\/#website\"},\"datePublished\":\"2026-04-24T01:01:46+00:00\",\"dateModified\":\"2026-04-28T02:15:05+00:00\",\"description\":\"Tour para estrangeiros em SP com guia em ingl\u00eas, roteiros culturais e experi\u00eancias aut\u00eanticas com a Arterra Turismo.\",\"breadcrumb\":{\"@id\":\"https:\\\/\\\/arterra.siteup.dev\\\/tours-particulares\\\/#breadcrumb\"},\"inLanguage\":\"en-US\",\"potentialAction\":[{\"@type\":\"ReadAction\",\"target\":[\"https:\\\/\\\/arterra.siteup.dev\\\/tours-particulares\\\/\"]}]},{\"@type\":\"BreadcrumbList\",\"@id\":\"https:\\\/\\\/arterra.siteup.dev\\\/tours-particulares\\\/#breadcrumb\",\"itemListElement\":[{\"@type\":\"ListItem\",\"position\":1,\"name\":\"In\u00edcio\",\"item\":\"https:\\\/\\\/arterra.siteup.dev\\\/\"},{\"@type\":\"ListItem\",\"position\":2,\"name\":\"Tours Particulares\"}]},{\"@type\":\"WebSite\",\"@id\":\"https:\\\/\\\/arterra.siteup.dev\\\/#website\",\"url\":\"https:\\\/\\\/arterra.siteup.dev\\\/\",\"name\":\"ArTerra\",\"description\":\"\",\"publisher\":{\"@id\":\"https:\\\/\\\/arterra.siteup.dev\\\/#organization\"},\"potentialAction\":[{\"@type\":\"SearchAction\",\"target\":{\"@type\":\"EntryPoint\",\"urlTemplate\":\"https:\\\/\\\/arterra.siteup.dev\\\/?s={search_term_string}\"},\"query-input\":{\"@type\":\"PropertyValueSpecification\",\"valueRequired\":true,\"valueName\":\"search_term_string\"}}],\"inLanguage\":\"en-US\"},{\"@type\":\"Organization\",\"@id\":\"https:\\\/\\\/arterra.siteup.dev\\\/#organization\",\"name\":\"ArTerra\",\"url\":\"https:\\\/\\\/arterra.siteup.dev\\\/\",\"logo\":{\"@type\":\"ImageObject\",\"inLanguage\":\"en-US\",\"@id\":\"https:\\\/\\\/arterra.siteup.dev\\\/#\\\/schema\\\/logo\\\/image\\\/\",\"url\":\"https:\\\/\\\/arterra.siteup.dev\\\/wp-content\\\/uploads\\\/2026\\\/04\\\/logo.svg\",\"contentUrl\":\"https:\\\/\\\/arterra.siteup.dev\\\/wp-content\\\/uploads\\\/2026\\\/04\\\/logo.svg\",\"width\":199,\"height\":48,\"caption\":\"ArTerra\"},\"image\":{\"@id\":\"https:\\\/\\\/arterra.siteup.dev\\\/#\\\/schema\\\/logo\\\/image\\\/\"}}]}<\/script>\n<!-- \/ Yoast SEO plugin. -->","yoast_head_json":{"title":"Tour para Estrangeiros em SP | ArTerra Turismo","description":"Tour para estrangeiros em SP com guia em ingl\u00eas, roteiros culturais e experi\u00eancias aut\u00eanticas com a Arterra Turismo.","robots":{"index":"noindex","follow":"follow","max-snippet":"max-snippet:-1","max-image-preview":"max-image-preview:large","max-video-preview":"max-video-preview:-1"},"og_locale":"en_US","og_type":"article","og_title":"Tour para Estrangeiros em SP | ArTerra Turismo","og_description":"Tour para estrangeiros em SP com guia em ingl\u00eas, roteiros culturais e experi\u00eancias aut\u00eanticas com a Arterra Turismo.","og_url":"https:\/\/arterra.siteup.dev\/en\/tours-particulares\/","og_site_name":"ArTerra","article_modified_time":"2026-04-28T02:15:05+00:00","twitter_card":"summary_large_image","schema":{"@context":"https:\/\/schema.org","@graph":[{"@type":"WebPage","@id":"https:\/\/arterra.siteup.dev\/tours-particulares\/","url":"https:\/\/arterra.siteup.dev\/tours-particulares\/","name":"Tour para Estrangeiros em SP | ArTerra Turismo","isPartOf":{"@id":"https:\/\/arterra.siteup.dev\/#website"},"datePublished":"2026-04-24T01:01:46+00:00","dateModified":"2026-04-28T02:15:05+00:00","description":"Tour para estrangeiros em SP com guia em ingl\u00eas, roteiros culturais e experi\u00eancias aut\u00eanticas com a Arterra Turismo.","breadcrumb":{"@id":"https:\/\/arterra.siteup.dev\/tours-particulares\/#breadcrumb"},"inLanguage":"en-US","potentialAction":[{"@type":"ReadAction","target":["https:\/\/arterra.siteup.dev\/tours-particulares\/"]}]},{"@type":"BreadcrumbList","@id":"https:\/\/arterra.siteup.dev\/tours-particulares\/#breadcrumb","itemListElement":[{"@type":"ListItem","position":1,"name":"In\u00edcio","item":"https:\/\/arterra.siteup.dev\/"},{"@type":"ListItem","position":2,"name":"Tours Particulares"}]},{"@type":"WebSite","@id":"https:\/\/arterra.siteup.dev\/#website","url":"https:\/\/arterra.siteup.dev\/","name":"ArTerra","description":"","publisher":{"@id":"https:\/\/arterra.siteup.dev\/#organization"},"potentialAction":[{"@type":"SearchAction","target":{"@type":"EntryPoint","urlTemplate":"https:\/\/arterra.siteup.dev\/?s={search_term_string}"},"query-input":{"@type":"PropertyValueSpecification","valueRequired":true,"valueName":"search_term_string"}}],"inLanguage":"en-US"},{"@type":"Organization","@id":"https:\/\/arterra.siteup.dev\/#organization","name":"ArTerra","url":"https:\/\/arterra.siteup.dev\/","logo":{"@type":"ImageObject","inLanguage":"en-US","@id":"https:\/\/arterra.siteup.dev\/#\/schema\/logo\/image\/","url":"https:\/\/arterra.siteup.dev\/wp-content\/uploads\/2026\/04\/logo.svg","contentUrl":"https:\/\/arterra.siteup.dev\/wp-content\/uploads\/2026\/04\/logo.svg","width":199,"height":48,"caption":"ArTerra"},"image":{"@id":"https:\/\/arterra.siteup.dev\/#\/schema\/logo\/image\/"}}]}},"_links":{"self":[{"href":"https:\/\/arterra.siteup.dev\/en\/wp-json\/wp\/v2\/pages\/424","targetHints":{"allow":["GET"]}}],"collection":[{"href":"https:\/\/arterra.siteup.dev\/en\/wp-json\/wp\/v2\/pages"}],"about":[{"href":"https:\/\/arterra.siteup.dev\/en\/wp-json\/wp\/v2\/types\/page"}],"author":[{"embeddable":true,"href":"https:\/\/arterra.siteup.dev\/en\/wp-json\/wp\/v2\/users\/2"}],"replies":[{"embeddable":true,"href":"https:\/\/arterra.siteup.dev\/en\/wp-json\/wp\/v2\/comments?post=424"}],"version-history":[{"count":1,"href":"https:\/\/arterra.siteup.dev\/en\/wp-json\/wp\/v2\/pages\/424\/revisions"}],"predecessor-version":[{"id":543,"href":"https:\/\/arterra.siteup.dev\/en\/wp-json\/wp\/v2\/pages\/424\/revisions\/543"}],"wp:attachment":[{"href":"https:\/\/arterra.siteup.dev\/en\/wp-json\/wp\/v2\/media?parent=424"}],"curies":[{"name":"wp","href":"https:\/\/api.w.org\/{rel}","templated":true}]}}